{"id":161,"date":"2019-08-06T10:34:54","date_gmt":"2019-08-06T10:34:54","guid":{"rendered":"https:\/\/demosites.io\/rokophoto\/?page_id=34"},"modified":"2021-09-08T10:00:29","modified_gmt":"2021-09-08T10:00:29","slug":"strijkatelier","status":"publish","type":"page","link":"https:\/\/theservicestudio.be\/fr\/strijkatelier\/","title":{"rendered":"Atelier de repassage"},"content":{"rendered":"<div data-elementor-type=\"wp-post\" data-elementor-id=\"161\" class=\"elementor elementor-161\">\n\t\t\t\t\t\t<section class=\"elementor-section elementor-top-section elementor-element elementor-element-8b7244a elementor-section-boxed elementor-section-height-default elementor-section-height-default\" data-id=\"8b7244a\" data-element_type=\"section\" data-settings=\"{&quot;background_background&quot;:&quot;classic&quot;}\">\n\t\t\t\t\t\t\t<div class=\"elementor-background-overlay\"><\/div>\n\t\t\t\t\t\t\t<div class=\"elementor-container elementor-column-gap-default\">\n\t\t\t\t\t<div class=\"elementor-column elementor-col-100 elementor-top-column elementor-element elementor-element-69d4ded\" data-id=\"69d4ded\" data-element_type=\"column\">\n\t\t\t<div class=\"elementor-widget-wrap elementor-element-populated\">\n\t\t\t\t\t\t<section class=\"elementor-section elementor-inner-section elementor-element elementor-element-d89ca07 elementor-section-boxed elementor-section-height-default elementor-section-height-default\" data-id=\"d89ca07\" data-element_type=\"section\">\n\t\t\t\t\t\t<div class=\"elementor-container elementor-column-gap-default\">\n\t\t\t\t\t<div class=\"elementor-column elementor-col-100 elementor-inner-column elementor-element elementor-element-a33b742\" data-id=\"a33b742\" data-element_type=\"column\">\n\t\t\t<div class=\"elementor-widget-wrap elementor-element-populated\">\n\t\t\t\t\t\t<div class=\"elementor-element elementor-element-32b0349 elementor-widget elementor-widget-spacer\" data-id=\"32b0349\" data-element_type=\"widget\" data-widget_type=\"spacer.default\">\n\t\t\t\t<div class=\"elementor-widget-container\">\n\t\t\t\t\t<div class=\"elementor-spacer\">\n\t\t\t<div class=\"elementor-spacer-inner\"><\/div>\n\t\t<\/div>\n\t\t\t\t<\/div>\n\t\t\t\t<\/div>\n\t\t\t\t<div class=\"elementor-element elementor-element-8a31de3 elementor-widget elementor-widget-heading\" data-id=\"8a31de3\" data-element_type=\"widget\" data-widget_type=\"heading.default\">\n\t\t\t\t<div class=\"elementor-widget-container\">\n\t\t\t<h1 class=\"elementor-heading-title elementor-size-default\">Atelier de repassage<\/h1>\t\t<\/div>\n\t\t\t\t<\/div>\n\t\t\t\t<div class=\"elementor-element elementor-element-09b3f7c elementor-widget elementor-widget-spacer\" data-id=\"09b3f7c\" data-element_type=\"widget\" data-widget_type=\"spacer.default\">\n\t\t\t\t<div class=\"elementor-widget-container\">\n\t\t\t\t\t<div class=\"elementor-spacer\">\n\t\t\t<div class=\"elementor-spacer-inner\"><\/div>\n\t\t<\/div>\n\t\t\t\t<\/div>\n\t\t\t\t<\/div>\n\t\t\t\t\t<\/div>\n\t\t<\/div>\n\t\t\t\t\t<\/div>\n\t\t<\/section>\n\t\t\t\t\t<\/div>\n\t\t<\/div>\n\t\t\t\t\t<\/div>\n\t\t<\/section>\n\t\t\t\t<section class=\"elementor-section elementor-top-section elementor-element elementor-element-d8c0443 elementor-section-boxed elementor-section-height-default elementor-section-height-default\" data-id=\"d8c0443\" data-element_type=\"section\">\n\t\t\t\t\t\t<div class=\"elementor-container elementor-column-gap-default\">\n\t\t\t\t\t<div class=\"elementor-column elementor-col-100 elementor-top-column elementor-element elementor-element-2fd77e9\" data-id=\"2fd77e9\" data-element_type=\"column\">\n\t\t\t<div class=\"elementor-widget-wrap elementor-element-populated\">\n\t\t\t\t\t\t<div class=\"elementor-element elementor-element-9b08564 elementor-widget elementor-widget-spacer\" data-id=\"9b08564\" data-element_type=\"widget\" data-widget_type=\"spacer.default\">\n\t\t\t\t<div class=\"elementor-widget-container\">\n\t\t\t\t\t<div class=\"elementor-spacer\">\n\t\t\t<div class=\"elementor-spacer-inner\"><\/div>\n\t\t<\/div>\n\t\t\t\t<\/div>\n\t\t\t\t<\/div>\n\t\t\t\t\t<\/div>\n\t\t<\/div>\n\t\t\t\t\t<\/div>\n\t\t<\/section>\n\t\t\t\t<section class=\"elementor-section elementor-top-section elementor-element elementor-element-225e862 elementor-section-boxed elementor-section-height-default elementor-section-height-default\" data-id=\"225e862\" data-element_type=\"section\">\n\t\t\t\t\t\t<div class=\"elementor-container elementor-column-gap-default\">\n\t\t\t\t\t<div class=\"elementor-column elementor-col-50 elementor-top-column elementor-element elementor-element-043670a\" data-id=\"043670a\" data-element_type=\"column\">\n\t\t\t<div class=\"elementor-widget-wrap elementor-element-populated\">\n\t\t\t\t\t\t<div class=\"elementor-element elementor-element-4176ceb elementor-widget elementor-widget-text-editor\" data-id=\"4176ceb\" data-element_type=\"widget\" data-widget_type=\"text-editor.default\">\n\t\t\t\t<div class=\"elementor-widget-container\">\n\t\t\t\t\t\t\t<h2>Atelier de repassage<\/h2><div>The Service Studio vous offre <b>de l'aide au repassage professionel<\/b> en d\u00e9ployant des employ\u00e9s ayant des ann\u00e9es d'exp\u00e9rience. Pourquoi encore repasser vous-m\u00eame quand vous pouver le confier \u00e0 des professionnels de fa\u00e7on peu co\u00fbteuse et profiter de son temps libre ?<\/div><div>\u00a0<\/div><div>Notre service de repassage doit \u00eatre pay\u00e9 au moyen de\u00a0<a href=\"https:\/\/theservicestudio.be\/fr\/dienstencheques\/\" target=\"_blank\" rel=\"noopener\">titres-services<\/a>\u00a0. En utilisant les titres-services, vous b\u00e9n\u00e9ficiez d'un avantage fiscal. Apr\u00e8s d\u00e9duction fiscale, vous ne payez que 7,2 euros par heure.\u00a0<b>\u20ac7,2\/heure<\/b>.<\/div>\t\t\t\t\t\t<\/div>\n\t\t\t\t<\/div>\n\t\t\t\t\t<\/div>\n\t\t<\/div>\n\t\t\t\t<div class=\"elementor-column elementor-col-50 elementor-top-column elementor-element elementor-element-194cf67\" data-id=\"194cf67\" data-element_type=\"column\">\n\t\t\t<div class=\"elementor-widget-wrap elementor-element-populated\">\n\t\t\t\t\t\t<div class=\"elementor-element elementor-element-3c23aac elementor-widget elementor-widget-image\" data-id=\"3c23aac\" data-element_type=\"widget\" data-widget_type=\"image.default\">\n\t\t\t\t<div class=\"elementor-widget-container\">\n\t\t\t\t\t\t\t\t\t\t\t\t\t<img fetchpriority=\"high\" decoding=\"async\" width=\"1024\" height=\"808\" src=\"https:\/\/theservicestudio.be\/wp-content\/uploads\/2020\/08\/shutterstock_1626917140-5-1024x808.jpg\" class=\"attachment-large size-large wp-image-116\" alt=\"\" srcset=\"\" sizes=\"(max-width: 1024px) 100vw, 1024px\" data-srcset=\"\" \/>\t\t\t\t\t\t\t\t\t\t\t\t\t<\/div>\n\t\t\t\t<\/div>\n\t\t\t\t\t<\/div>\n\t\t<\/div>\n\t\t\t\t\t<\/div>\n\t\t<\/section>\n\t\t\t\t<section class=\"elementor-section elementor-top-section elementor-element elementor-element-b2c3564 elementor-section-boxed elementor-section-height-default elementor-section-height-default\" data-id=\"b2c3564\" data-element_type=\"section\">\n\t\t\t\t\t\t<div class=\"elementor-container elementor-column-gap-default\">\n\t\t\t\t\t<div class=\"elementor-column elementor-col-50 elementor-top-column elementor-element elementor-element-a2edae2\" data-id=\"a2edae2\" data-element_type=\"column\">\n\t\t\t<div class=\"elementor-widget-wrap elementor-element-populated\">\n\t\t\t\t\t\t<div class=\"elementor-element elementor-element-0b16b46 elementor-widget elementor-widget-image\" data-id=\"0b16b46\" data-element_type=\"widget\" data-widget_type=\"image.default\">\n\t\t\t\t<div class=\"elementor-widget-container\">\n\t\t\t\t\t\t\t\t\t\t\t\t\t<img decoding=\"async\" width=\"1024\" height=\"768\" src=\"https:\/\/theservicestudio.be\/wp-content\/uploads\/2020\/09\/Strijkatelier-1024x768.jpg\" class=\"attachment-large size-large wp-image-301\" alt=\"Strijkatelier van The Service Studio\" srcset=\"\" sizes=\"(max-width: 1024px) 100vw, 1024px\" data-srcset=\"\" \/>\t\t\t\t\t\t\t\t\t\t\t\t\t<\/div>\n\t\t\t\t<\/div>\n\t\t\t\t\t<\/div>\n\t\t<\/div>\n\t\t\t\t<div class=\"elementor-column elementor-col-50 elementor-top-column elementor-element elementor-element-9ac7291\" data-id=\"9ac7291\" data-element_type=\"column\">\n\t\t\t<div class=\"elementor-widget-wrap elementor-element-populated\">\n\t\t\t\t\t\t<div class=\"elementor-element elementor-element-3be18b1 elementor-widget elementor-widget-text-editor\" data-id=\"3be18b1\" data-element_type=\"widget\" data-widget_type=\"text-editor.default\">\n\t\t\t\t<div class=\"elementor-widget-container\">\n\t\t\t\t\t\t\t<p>Dans notre <b>atelier de repassage \u00e0 Meise<\/b> nous utilisons les appareils les plus professionnels disponibles sur le march\u00e9. Nous pouvons ainsi garantir \u00e0 nos clients que leur linge sera parfaitement repass\u00e9.<\/p><p>\u00a0<\/p><p>Si vous souhaitez nous confier votre repassage, passez nous voir \u00e0 notre bureau \u00e0 Meise ou <a href=\"https:\/\/theservicestudio.be\/fr\/contact\/\">contactez-nous<\/a> si vous souhaitez obtenir plus d'informations.<\/p>\t\t\t\t\t\t<\/div>\n\t\t\t\t<\/div>\n\t\t\t\t\t<\/div>\n\t\t<\/div>\n\t\t\t\t\t<\/div>\n\t\t<\/section>\n\t\t\t\t<section class=\"elementor-section elementor-top-section elementor-element elementor-element-0448f63 elementor-section-boxed elementor-section-height-default elementor-section-height-default\" data-id=\"0448f63\" data-element_type=\"section\">\n\t\t\t\t\t\t<div class=\"elementor-container elementor-column-gap-default\">\n\t\t\t\t\t<div class=\"elementor-column elementor-col-100 elementor-top-column elementor-element elementor-element-7f04749\" data-id=\"7f04749\" data-element_type=\"column\">\n\t\t\t<div class=\"elementor-widget-wrap elementor-element-populated\">\n\t\t\t\t\t\t<div class=\"elementor-element elementor-element-275948b elementor-widget elementor-widget-spacer\" data-id=\"275948b\" data-element_type=\"widget\" data-widget_type=\"spacer.default\">\n\t\t\t\t<div class=\"elementor-widget-container\">\n\t\t\t\t\t<div class=\"elementor-spacer\">\n\t\t\t<div class=\"elementor-spacer-inner\"><\/div>\n\t\t<\/div>\n\t\t\t\t<\/div>\n\t\t\t\t<\/div>\n\t\t\t\t\t<\/div>\n\t\t<\/div>\n\t\t\t\t\t<\/div>\n\t\t<\/section>\n\t\t\t\t<\/div>","protected":false},"excerpt":{"rendered":"<p>Strijkatelier STRIJKatelier The Service Studio biedt u professionele strijkhulp aan door het inzetten van medewerkers met jarenlange ervaring. Waarom zelf nog strijken als u het op een goedkope wijze kunt toevertrouwen aan professionals en ondertussen kunt genieten van uw vrije tijd?\u00a0Onze strijkdienst dient aan de hand van\u00a0dienstencheques\u00a0betaald te worden. Door gebruik te maken van dienstencheques&hellip;&nbsp;<a href=\"https:\/\/theservicestudio.be\/fr\/strijkatelier\/\" rel=\"bookmark\">Lire la suite &raquo;<span class=\"screen-reader-text\">Atelier de repassage<\/span><\/a><\/p>","protected":false},"author":1,"featured_media":0,"parent":0,"menu_order":0,"comment_status":"closed","ping_status":"closed","template":"page-templates\/template-pagebuilder-full-width.php","meta":{"_monsterinsights_skip_tracking":false,"_monsterinsights_sitenote_active":false,"_monsterinsights_sitenote_note":"","_monsterinsights_sitenote_category":0,"neve_meta_sidebar":"","neve_meta_container":"","neve_meta_enable_content_width":"off","neve_meta_content_width":0,"neve_meta_title_alignment":"","neve_meta_author_avatar":"","neve_post_elements_order":"","neve_meta_disable_header":"","neve_meta_disable_footer":"","neve_meta_disable_title":""},"_links":{"self":[{"href":"https:\/\/theservicestudio.be\/fr\/wp-json\/wp\/v2\/pages\/161"}],"collection":[{"href":"https:\/\/theservicestudio.be\/fr\/wp-json\/wp\/v2\/pages"}],"about":[{"href":"https:\/\/theservicestudio.be\/fr\/wp-json\/wp\/v2\/types\/page"}],"author":[{"embeddable":true,"href":"https:\/\/theservicestudio.be\/fr\/wp-json\/wp\/v2\/users\/1"}],"replies":[{"embeddable":true,"href":"https:\/\/theservicestudio.be\/fr\/wp-json\/wp\/v2\/comments?post=161"}],"version-history":[{"count":18,"href":"https:\/\/theservicestudio.be\/fr\/wp-json\/wp\/v2\/pages\/161\/revisions"}],"predecessor-version":[{"id":336,"href":"https:\/\/theservicestudio.be\/fr\/wp-json\/wp\/v2\/pages\/161\/revisions\/336"}],"wp:attachment":[{"href":"https:\/\/theservicestudio.be\/fr\/wp-json\/wp\/v2\/media?parent=161"}],"curies":[{"name":"wp","href":"https:\/\/api.w.org\/{rel}","templated":true}]}}